{"id":14,"date":"2022-03-14T16:14:28","date_gmt":"2022-03-14T15:14:28","guid":{"rendered":"http:\/\/preview.nounemaroc.ma\/?page_id=14"},"modified":"2025-07-13T20:16:39","modified_gmt":"2025-07-13T19:16:39","slug":"station","status":"publish","type":"page","link":"https:\/\/nounemaroc.ma\/fr\/station\/","title":{"rendered":"Station"},"content":{"rendered":"\t\t<div data-elementor-type=\"wp-page\" data-elementor-id=\"14\" class=\"elementor elementor-14\" data-elementor-post-type=\"page\">\n\t\t\t\t\t\t<section class=\"elementor-section elementor-top-section elementor-element elementor-element-3ab7fb7f elementor-section-boxed elementor-section-height-default elementor-section-height-default\" data-id=\"3ab7fb7f\" data-element_type=\"section\" data-settings=\"{&quot;background_background&quot;:&quot;classic&quot;}\">\n\t\t\t\t\t\t\t<div class=\"elementor-background-overlay\"><\/div>\n\t\t\t\t\t\t\t<div class=\"elementor-container elementor-column-gap-no\">\n\t\t\t\t\t<div class=\"elementor-column elementor-col-100 elementor-top-column elementor-element elementor-element-cfc539f\" data-id=\"cfc539f\" data-element_type=\"column\">\n\t\t\t<div class=\"elementor-widget-wrap elementor-element-populated\">\n\t\t\t\t\t\t<div class=\"elementor-element elementor-element-767b84fc animated-slow elementor-invisible elementor-widget elementor-widget-heading\" data-id=\"767b84fc\" data-element_type=\"widget\" data-settings=\"{&quot;_animation&quot;:&quot;fadeInLeft&quot;}\" data-widget_type=\"heading.default\">\n\t\t\t\t<div class=\"elementor-widget-container\">\n\t\t\t\t\t<h2 class=\"elementor-heading-title elementor-size-default\">STATION<\/h2>\t\t\t\t<\/div>\n\t\t\t\t<\/div>\n\t\t\t\t<div class=\"elementor-element elementor-element-3b2a6b79 elementor-widget elementor-widget-text-editor\" data-id=\"3b2a6b79\" data-element_type=\"widget\" data-widget_type=\"text-editor.default\">\n\t\t\t\t<div class=\"elementor-widget-container\">\n\t\t\t\t\t\t\t\t\t<p>Ces types de stations en circuit ferm\u00e9 sont les plus efficaces dans l\u2019aquaculture. Une station comme Nounemaroc peut atteindre jusqu\u2019\u00e0 350 kg par m\u00b3. Le circuit ferm\u00e9 est la meilleure m\u00e9thode pour contr\u00f4ler et adapter la temp\u00e9rature chaude et froide, l\u2019acidit\u00e9, l\u2019oxyg\u00e9nation, la conductivit\u00e9 et tous les param\u00e8tres de l\u2019eau afin d\u2019assurer une bonne croissance. Ainsi, Nounemaroc a acquis les derni\u00e8res technologies en aquaculture assist\u00e9es par ordinateur, stabilisant les param\u00e8tres pour garantir une alimentation optimale et un meilleur rendement. Cette technologie n\u2019existe toujours pas dans l\u2019aquaculture des anguilles en Afrique.<\/p><p>\u00a0<\/p>\t\t\t\t\t\t\t\t<\/div>\n\t\t\t\t<\/div>\n\t\t\t\t\t<\/div>\n\t\t<\/div>\n\t\t\t\t\t<\/div>\n\t\t<\/section>\n\t\t\t\t<section class=\"elementor-section elementor-top-section elementor-element elementor-element-c24dabc elementor-section-boxed elementor-section-height-default elementor-section-height-default\" data-id=\"c24dabc\" data-element_type=\"section\" data-settings=\"{&quot;background_background&quot;:&quot;classic&quot;}\">\n\t\t\t\t\t\t\t<div class=\"elementor-background-overlay\"><\/div>\n\t\t\t\t\t\t\t<div class=\"elementor-container elementor-column-gap-no\">\n\t\t\t\t\t<div class=\"elementor-column elementor-col-50 elementor-top-column elementor-element elementor-element-a861a4b\" data-id=\"a861a4b\" data-element_type=\"column\">\n\t\t\t<div class=\"elementor-widget-wrap elementor-element-populated\">\n\t\t\t\t\t\t<div class=\"elementor-element elementor-element-bc5e29a elementor-widget elementor-widget-image\" data-id=\"bc5e29a\" data-element_type=\"widget\" data-widget_type=\"image.default\">\n\t\t\t\t<div class=\"elementor-widget-container\">\n\t\t\t\t\t\t\t\t\t\t\t\t\t\t\t<img fetchpriority=\"high\" decoding=\"async\" width=\"1366\" height=\"901\" src=\"https:\/\/nounemaroc.ma\/fr\/wp-content\/uploads\/2023\/02\/noune18.jpg\" class=\"attachment-full size-full wp-image-2580\" alt=\"\" srcset=\"https:\/\/nounemaroc.ma\/fr\/wp-content\/uploads\/2023\/02\/noune18.jpg 1366w, https:\/\/nounemaroc.ma\/fr\/wp-content\/uploads\/2023\/02\/noune18-300x198.jpg 300w, https:\/\/nounemaroc.ma\/fr\/wp-content\/uploads\/2023\/02\/noune18-1024x675.jpg 1024w, https:\/\/nounemaroc.ma\/fr\/wp-content\/uploads\/2023\/02\/noune18-768x507.jpg 768w\" sizes=\"(max-width: 1366px) 100vw, 1366px\" \/>\t\t\t\t\t\t\t\t\t\t\t\t\t\t\t<\/div>\n\t\t\t\t<\/div>\n\t\t\t\t\t<\/div>\n\t\t<\/div>\n\t\t\t\t<div class=\"elementor-column elementor-col-50 elementor-top-column elementor-element elementor-element-d4448d8\" data-id=\"d4448d8\" data-element_type=\"column\">\n\t\t\t<div class=\"elementor-widget-wrap elementor-element-populated\">\n\t\t\t\t\t\t<div class=\"elementor-element elementor-element-92ca1df animated-slow elementor-invisible elementor-widget elementor-widget-heading\" data-id=\"92ca1df\" data-element_type=\"widget\" data-settings=\"{&quot;_animation&quot;:&quot;fadeInLeft&quot;}\" data-widget_type=\"heading.default\">\n\t\t\t\t<div class=\"elementor-widget-container\">\n\t\t\t\t\t<h2 class=\"elementor-heading-title elementor-size-default\"><span style=\"font-family: var( --e-global-typography-e79afd8-font-family ), Sans-serif;font-size: var( --e-global-typography-e79afd8-font-size );font-weight: var( --e-global-typography-e79afd8-font-weight );text-transform: var( --e-global-typography-e79afd8-text-transform )\">Aquaculture en circuit ferm\u00e9\n<\/span><\/h2>\t\t\t\t<\/div>\n\t\t\t\t<\/div>\n\t\t\t\t<div class=\"elementor-element elementor-element-6304f24 elementor-widget elementor-widget-text-editor\" data-id=\"6304f24\" data-element_type=\"widget\" data-widget_type=\"text-editor.default\">\n\t\t\t\t<div class=\"elementor-widget-container\">\n\t\t\t\t\t\t\t\t\t<p>Nounemaroc dispose d\u00e9sormais d\u2019une technologie capable de r\u00e9duire sa consommation d\u2019\u00e9nergie de 20 % et sa consommation d\u2019eau de 50 %. Une bonne rentabilit\u00e9 pour faire face \u00e0 la concurrence asiatique ou internationale. Le Maroc s\u2019est ainsi dot\u00e9 d\u2019un outil qui permettra, \u00e0 l\u2019avenir, d\u2019augmenter la production de poissons d\u2019\u00e9levage en circuit ferm\u00e9. Cette technologie sera diffus\u00e9e gr\u00e2ce aux connaissances acquises par de jeunes universitaires int\u00e9grant le groupe Nounemaroc.<\/p><p>\u00a0<\/p>\t\t\t\t\t\t\t\t<\/div>\n\t\t\t\t<\/div>\n\t\t\t\t\t<\/div>\n\t\t<\/div>\n\t\t\t\t\t<\/div>\n\t\t<\/section>\n\t\t\t\t<section class=\"elementor-section elementor-top-section elementor-element elementor-element-fed7692 elementor-section-boxed elementor-section-height-default elementor-section-height-default\" data-id=\"fed7692\" data-element_type=\"section\" data-settings=\"{&quot;background_background&quot;:&quot;classic&quot;}\">\n\t\t\t\t\t\t\t<div class=\"elementor-background-overlay\"><\/div>\n\t\t\t\t\t\t\t<div class=\"elementor-container elementor-column-gap-no\">\n\t\t\t\t\t<div class=\"elementor-column elementor-col-50 elementor-top-column elementor-element elementor-element-eb35f43\" data-id=\"eb35f43\" data-element_type=\"column\">\n\t\t\t<div class=\"elementor-widget-wrap elementor-element-populated\">\n\t\t\t\t\t\t<div class=\"elementor-element elementor-element-914a570 animated-slow elementor-invisible elementor-widget elementor-widget-heading\" data-id=\"914a570\" data-element_type=\"widget\" data-settings=\"{&quot;_animation&quot;:&quot;fadeInLeft&quot;}\" data-widget_type=\"heading.default\">\n\t\t\t\t<div class=\"elementor-widget-container\">\n\t\t\t\t\t<h2 class=\"elementor-heading-title elementor-size-default\">Circuit de production<\/h2>\t\t\t\t<\/div>\n\t\t\t\t<\/div>\n\t\t\t\t<div class=\"elementor-element elementor-element-8dec2de elementor-widget elementor-widget-text-editor\" data-id=\"8dec2de\" data-element_type=\"widget\" data-widget_type=\"text-editor.default\">\n\t\t\t\t<div class=\"elementor-widget-container\">\n\t\t\t\t\t\t\t\t\t<p>Cette unit\u00e9 fait l\u2019objet d\u2019un secret professionnel que le Maroc doit pr\u00e9server. Nous savons qu\u2019elle se diffusera dans d\u2019autres pays, mais nous mettrons en place des strat\u00e9gies pour garder ces informations confidentielles le plus longtemps possible.<\/p><p>La station Nounemaroc est install\u00e9e sur une superficie de 6000 m\u00b2 avec 120 bassins, une production annuelle de 400 tonnes, une salle d\u2019abattage et de transformation d\u2019une capacit\u00e9 de 5000 kg\/jour, un tunnel de cong\u00e9lation et deux chambres froides de stockage.<\/p>\t\t\t\t\t\t\t\t<\/div>\n\t\t\t\t<\/div>\n\t\t\t\t\t<\/div>\n\t\t<\/div>\n\t\t\t\t<div class=\"elementor-column elementor-col-50 elementor-top-column elementor-element elementor-element-c1d727b\" data-id=\"c1d727b\" data-element_type=\"column\">\n\t\t\t<div class=\"elementor-widget-wrap elementor-element-populated\">\n\t\t\t\t\t\t<div class=\"elementor-element elementor-element-747fd6e elementor-widget elementor-widget-image\" data-id=\"747fd6e\" data-element_type=\"widget\" data-widget_type=\"image.default\">\n\t\t\t\t<div class=\"elementor-widget-container\">\n\t\t\t\t\t\t\t\t\t\t\t\t\t\t\t<img decoding=\"async\" width=\"800\" height=\"533\" src=\"https:\/\/nounemaroc.ma\/fr\/wp-content\/uploads\/2023\/01\/FROZENFISH.jpg\" class=\"attachment-full size-full wp-image-2427\" alt=\"\" srcset=\"https:\/\/nounemaroc.ma\/fr\/wp-content\/uploads\/2023\/01\/FROZENFISH.jpg 800w, https:\/\/nounemaroc.ma\/fr\/wp-content\/uploads\/2023\/01\/FROZENFISH-300x200.jpg 300w, https:\/\/nounemaroc.ma\/fr\/wp-content\/uploads\/2023\/01\/FROZENFISH-768x512.jpg 768w\" sizes=\"(max-width: 800px) 100vw, 800px\" \/>\t\t\t\t\t\t\t\t\t\t\t\t\t\t\t<\/div>\n\t\t\t\t<\/div>\n\t\t\t\t\t<\/div>\n\t\t<\/div>\n\t\t\t\t\t<\/div>\n\t\t<\/section>\n\t\t\t\t<section class=\"elementor-section elementor-top-section elementor-element elementor-element-10b14cb elementor-section-boxed elementor-section-height-default elementor-section-height-default\" data-id=\"10b14cb\" data-element_type=\"section\" data-settings=\"{&quot;background_background&quot;:&quot;classic&quot;}\">\n\t\t\t\t\t\t\t<div class=\"elementor-background-overlay\"><\/div>\n\t\t\t\t\t\t\t<div class=\"elementor-container elementor-column-gap-no\">\n\t\t\t\t\t<div class=\"elementor-column elementor-col-50 elementor-top-column elementor-element elementor-element-4f5d06c\" data-id=\"4f5d06c\" data-element_type=\"column\">\n\t\t\t<div class=\"elementor-widget-wrap elementor-element-populated\">\n\t\t\t\t\t\t<div class=\"elementor-element elementor-element-adc6c3e elementor-widget elementor-widget-image\" data-id=\"adc6c3e\" data-element_type=\"widget\" data-widget_type=\"image.default\">\n\t\t\t\t<div class=\"elementor-widget-container\">\n\t\t\t\t\t\t\t\t\t\t\t\t\t\t\t<img decoding=\"async\" width=\"1366\" height=\"901\" src=\"https:\/\/nounemaroc.ma\/fr\/wp-content\/uploads\/2023\/02\/noune02.jpg\" class=\"attachment-full size-full wp-image-2526\" alt=\"\" srcset=\"https:\/\/nounemaroc.ma\/fr\/wp-content\/uploads\/2023\/02\/noune02.jpg 1366w, https:\/\/nounemaroc.ma\/fr\/wp-content\/uploads\/2023\/02\/noune02-300x198.jpg 300w, https:\/\/nounemaroc.ma\/fr\/wp-content\/uploads\/2023\/02\/noune02-1024x675.jpg 1024w, https:\/\/nounemaroc.ma\/fr\/wp-content\/uploads\/2023\/02\/noune02-768x507.jpg 768w\" sizes=\"(max-width: 1366px) 100vw, 1366px\" \/>\t\t\t\t\t\t\t\t\t\t\t\t\t\t\t<\/div>\n\t\t\t\t<\/div>\n\t\t\t\t\t<\/div>\n\t\t<\/div>\n\t\t\t\t<div class=\"elementor-column elementor-col-50 elementor-top-column elementor-element elementor-element-0d4a39d\" data-id=\"0d4a39d\" data-element_type=\"column\">\n\t\t\t<div class=\"elementor-widget-wrap elementor-element-populated\">\n\t\t\t\t\t\t<div class=\"elementor-element elementor-element-2a8a991 animated-slow elementor-invisible elementor-widget elementor-widget-heading\" data-id=\"2a8a991\" data-element_type=\"widget\" data-settings=\"{&quot;_animation&quot;:&quot;fadeInLeft&quot;}\" data-widget_type=\"heading.default\">\n\t\t\t\t<div class=\"elementor-widget-container\">\n\t\t\t\t\t<h2 class=\"elementor-heading-title elementor-size-default\"><span style=\"font-family: var( --e-global-typography-e79afd8-font-family ), Sans-serif;font-size: var( --e-global-typography-e79afd8-font-size );font-weight: var( --e-global-typography-e79afd8-font-weight );text-transform: var( --e-global-typography-e79afd8-text-transform )\">NOS PRODUITS\n<\/span><\/h2>\t\t\t\t<\/div>\n\t\t\t\t<\/div>\n\t\t\t\t<div class=\"elementor-element elementor-element-749f56a elementor-widget elementor-widget-text-editor\" data-id=\"749f56a\" data-element_type=\"widget\" data-widget_type=\"text-editor.default\">\n\t\t\t\t<div class=\"elementor-widget-container\">\n\t\t\t\t\t\t\t\t\t<p>Nous produisons trois types de produits finis :<br \/>Anguilles vivantes<br \/>Filets de poisson<\/p><p>Notre objectif : un produit fini transform\u00e9 sur place en kaba yaki ou fum\u00e9.<\/p>\t\t\t\t\t\t\t\t<\/div>\n\t\t\t\t<\/div>\n\t\t\t\t\t<\/div>\n\t\t<\/div>\n\t\t\t\t\t<\/div>\n\t\t<\/section>\n\t\t\t\t<\/div>\n\t\t","protected":false},"excerpt":{"rendered":"<p>STATION Ces types de stations en circuit ferm\u00e9 sont les plus efficaces dans l\u2019aquaculture. Une station comme Nounemaroc peut atteindre jusqu\u2019\u00e0 350 kg par m\u00b3. Le circuit ferm\u00e9 est la meilleure m\u00e9thode pour contr\u00f4ler et adapter la temp\u00e9rature chaude et froide, l\u2019acidit\u00e9, l\u2019oxyg\u00e9nation, la conductivit\u00e9 et tous les param\u00e8tres de l\u2019eau afin d\u2019assurer une bonne [&hellip;]<\/p>\n","protected":false},"author":1,"featured_media":0,"parent":0,"menu_order":0,"comment_status":"closed","ping_status":"closed","template":"","meta":{"site-sidebar-layout":"no-sidebar","site-content-layout":"page-builder","ast-site-content-layout":"default","site-content-style":"default","site-sidebar-style":"default","ast-global-header-display":"","ast-banner-title-visibility":"","ast-main-header-display":"","ast-hfb-above-header-display":"","ast-hfb-below-header-display":"","ast-hfb-mobile-header-display":"","site-post-title":"disabled","ast-breadcrumbs-content":"","ast-featured-img":"disabled","footer-sml-layout":"","theme-transparent-header-meta":"","adv-header-id-meta":"","stick-header-meta":"","header-above-stick-meta":"","header-main-stick-meta":"","header-below-stick-meta":"","astra-migrate-meta-layouts":"default","ast-page-background-enabled":"default","ast-page-background-meta":{"desktop":{"background-color":"var(--ast-global-color-4)","background-image":"","background-repeat":"repeat","background-position":"center center","background-size":"auto","background-attachment":"scroll","background-type":"","background-media":"","overlay-type":"","overlay-color":"","overlay-opacity":"","overlay-gradient":""},"tablet":{"background-color":"","background-image":"","background-repeat":"repeat","background-position":"center center","background-size":"auto","background-attachment":"scroll","background-type":"","background-media":"","overlay-type":"","overlay-color":"","overlay-opacity":"","overlay-gradient":""},"mobile":{"background-color":"","background-image":"","background-repeat":"repeat","background-position":"center center","background-size":"auto","background-attachment":"scroll","background-type":"","background-media":"","overlay-type":"","overlay-color":"","overlay-opacity":"","overlay-gradient":""}},"ast-content-background-meta":{"desktop":{"background-color":"var(--ast-global-color-5)","background-image":"","background-repeat":"repeat","background-position":"center center","background-size":"auto","background-attachment":"scroll","background-type":"","background-media":"","overlay-type":"","overlay-color":"","overlay-opacity":"","overlay-gradient":""},"tablet":{"background-color":"var(--ast-global-color-5)","background-image":"","background-repeat":"repeat","background-position":"center center","background-size":"auto","background-attachment":"scroll","background-type":"","background-media":"","overlay-type":"","overlay-color":"","overlay-opacity":"","overlay-gradient":""},"mobile":{"background-color":"var(--ast-global-color-5)","background-image":"","background-repeat":"repeat","background-position":"center center","background-size":"auto","background-attachment":"scroll","background-type":"","background-media":"","overlay-type":"","overlay-color":"","overlay-opacity":"","overlay-gradient":""}},"footnotes":""},"class_list":["post-14","page","type-page","status-publish","hentry"],"_links":{"self":[{"href":"https:\/\/nounemaroc.ma\/fr\/wp-json\/wp\/v2\/pages\/14","targetHints":{"allow":["GET"]}}],"collection":[{"href":"https:\/\/nounemaroc.ma\/fr\/wp-json\/wp\/v2\/pages"}],"about":[{"href":"https:\/\/nounemaroc.ma\/fr\/wp-json\/wp\/v2\/types\/page"}],"author":[{"embeddable":true,"href":"https:\/\/nounemaroc.ma\/fr\/wp-json\/wp\/v2\/users\/1"}],"replies":[{"embeddable":true,"href":"https:\/\/nounemaroc.ma\/fr\/wp-json\/wp\/v2\/comments?post=14"}],"version-history":[{"count":81,"href":"https:\/\/nounemaroc.ma\/fr\/wp-json\/wp\/v2\/pages\/14\/revisions"}],"predecessor-version":[{"id":2949,"href":"https:\/\/nounemaroc.ma\/fr\/wp-json\/wp\/v2\/pages\/14\/revisions\/2949"}],"wp:attachment":[{"href":"https:\/\/nounemaroc.ma\/fr\/wp-json\/wp\/v2\/media?parent=14"}],"curies":[{"name":"wp","href":"https:\/\/api.w.org\/{rel}","templated":true}]}}